{"id":94,"date":"2021-07-19T12:13:56","date_gmt":"2021-07-19T12:13:56","guid":{"rendered":"https:\/\/nemzetikonyha.hu\/?page_id=94"},"modified":"2021-08-08T19:15:32","modified_gmt":"2021-08-08T19:15:32","slug":"rolunk","status":"publish","type":"page","link":"https:\/\/nemzetikonyha.hu\/index.php\/rolunk\/","title":{"rendered":"R\u00f3lunk"},"content":{"rendered":"\t\t<div data-elementor-type=\"wp-page\" data-elementor-id=\"94\" class=\"elementor elementor-94\" data-elementor-post-type=\"page\">\n\t\t\t\t\t\t<section class=\"elementor-section elementor-top-section elementor-element elementor-element-f4a6612 elementor-section-boxed elementor-section-height-default elementor-section-height-default\" data-id=\"f4a6612\" data-element_type=\"section\" data-e-type=\"section\">\n\t\t\t\t\t\t<div class=\"elementor-container elementor-column-gap-default\">\n\t\t\t\t\t<div class=\"elementor-column elementor-col-100 elementor-top-column elementor-element elementor-element-8fdac50\" data-id=\"8fdac50\" data-element_type=\"column\" data-e-type=\"column\">\n\t\t\t<div class=\"elementor-widget-wrap elementor-element-populated\">\n\t\t\t\t\t\t<div class=\"elementor-element elementor-element-f497122 elementor-widget elementor-widget-heading\" data-id=\"f497122\" data-element_type=\"widget\" data-e-type=\"widget\" data-widget_type=\"heading.default\">\n\t\t\t\t<div class=\"elementor-widget-container\">\n\t\t\t\t\t<h2 class=\"elementor-heading-title elementor-size-small\">Mi vagyunk az Ivanicsok!<\/h2>\t\t\t\t<\/div>\n\t\t\t\t<\/div>\n\t\t\t\t<div class=\"elementor-element elementor-element-d4b5359 elementor-widget elementor-widget-text-editor\" data-id=\"d4b5359\" data-element_type=\"widget\" data-e-type=\"widget\" data-widget_type=\"text-editor.default\">\n\t\t\t\t<div class=\"elementor-widget-container\">\n\t\t\t\t\t\t\t\t\t<p>A gasztron\u00f3miai kult\u00fara \u00e9s hagyom\u00e1nyok \u00e1pol\u00e1s\u00e1t t\u0171zt\u00fck ki c\u00e9lul.<br>Szeretn\u00e9nk min\u00e9l t\u00f6bb emberrel, k\u00f6zt\u00fck fiatalokkal, megismertetni a magyar konyha hol egyszer\u0171, hol bonyolult, de mindenk\u00e9ppen nagyon finom \u00e9s v\u00e1ltozatos \u00e9teleit, ezeknek az elk\u00e9sz\u00edt\u00e9s\u00e9t.<\/p>\n<p>M\u00e1sik c\u00e9lunk az, hogy az emberek az \u00e9teleinkkel, j\u00f3 hangulat\u00fa f\u0151z\u00e9sek alkalm\u00e1val szorosabbra f\u0171zz\u00e9k egym\u00e1ssal a kapcsolataikat.<\/p>\n<p>A mai vil\u00e1gban sajnos a gyors k\u00e9sz\u00e9telek terjednek vagy a k\u00fclf\u00f6ldr\u0151l lem\u00e1solt \u00e9telek a divatosak.<br>J\u00f3 lenne, ha miut\u00e1n megn\u00e9zt\u00e9tek az oldalt \u00e9s kedvet kaptatok valamelyik f\u0151zt\u00fcnkh\u00f6z, el is k\u00e9sz\u00edten\u00e9tek, amennyiben lehets\u00e9ges, csal\u00e1di, bar\u00e1ti k\u00f6rben.<\/p>\n<p>Mi mindig elfogyasztjuk azt az \u00e9telt, amit elk\u00e9sz\u00edt\u00fcnk. Rem\u00e9lj\u00fck ez biztos\u00edt\u00e9k sz\u00e1motokra a min\u0151s\u00e9ggel \u00e9s az \u00edzekkel kapcsolatban.<br>Szeretn\u00e9nk Veletek egy\u00fctt fejl\u0151dni a f\u0151z\u00e9s tudom\u00e1ny\u00e1ban, ugyanis mint azt a honlapon is l\u00e1tni fogj\u00e1tok, mi nem tudunk, hanem szeret\u00fcnk f\u0151zni \u00e9s filmezni, fot\u00f3zni.<br>Dolgozunk azon, hogy min\u00e9l sz\u00ednvonalasabb legyen a l\u00e1tv\u00e1ny. Sajnos csak ketten vagyunk, ez\u00e9rt v\u00e1rjuk azok jelentkez\u00e9s\u00e9t, akik profibb operat\u0151r\u00f6k n\u00e1lunk, vagy forgat\u00e1shoz sz\u00e9p helysz\u00ednnel rendelkeznek. A hagyom\u00e1nyok \u0151rz\u00e9s\u00e9nek m\u00e1sik oldala a t\u00f6rt\u00e9nelmi hagyom\u00e1nyok gondoz\u00e1sa.<\/p>\n<p>Az 1848-49-es szabads\u00e1gharc Szegedi Honv\u00e9d Z\u00e1szl\u00f3alj\u00e1nak tagjaik\u00e9nt, igyeksz\u00fcnk megmutatni a hadj\u00e1ratok helysz\u00edneit, a katon\u00e1k felszerel\u00e9s\u00e9t, a t\u00e1bori \u00e9letet \u00e9s a csat\u00e1kat. F\u0151zni fogunk honv\u00e9d \u00e9s bety\u00e1r \u00e9teleket, valamint kitekint\u00fcnk jelenlegi hat\u00e1rainkon t\u00falra, hogy min\u00e9l t\u00f6bb receptet \u00e9s ismeretet megoszthassunk Veletek.<\/p><p>Ez\u00e9rt ne vegy\u00e9tek zokon, ha nem csak f\u0151z\u00e9ssel kapcsolatos k\u00e9pek ker\u00fclnek el\u0151 az oldalon.<\/p>\n<p>\u00d6sszegz\u00e9s\u00fcl, mindenkinek naps\u00fct\u00e9ses szabadt\u00e9ri s\u00fct\u00e9st, f\u0151z\u00e9st k\u00edv\u00e1nunk boldog csal\u00e1di k\u00f6rben.<\/p>\t\t\t\t\t\t\t\t<\/div>\n\t\t\t\t<\/div>\n\t\t\t\t<div class=\"elementor-element elementor-element-e956c68 elementor-widget elementor-widget-image\" data-id=\"e956c68\" data-element_type=\"widget\" data-e-type=\"widget\" data-widget_type=\"image.default\">\n\t\t\t\t<div class=\"elementor-widget-container\">\n\t\t\t\t\t\t\t\t\t\t\t\t<figure class=\"wp-caption\">\n\t\t\t\t\t\t\t\t\t\t<img fetchpriority=\"high\" decoding=\"async\" width=\"300\" height=\"225\" src=\"https:\/\/nemzetikonyha.hu\/wp-content\/uploads\/2021\/07\/bem1-300x225.jpg\" class=\"attachment-medium size-medium wp-image-172\" alt=\"\" srcset=\"https:\/\/nemzetikonyha.hu\/wp-content\/uploads\/2021\/07\/bem1-300x225.jpg 300w, https:\/\/nemzetikonyha.hu\/wp-content\/uploads\/2021\/07\/bem1.jpg 320w\" sizes=\"(max-width: 300px) 100vw, 300px\" \/>\t\t\t\t\t\t\t\t\t\t\t<figcaption class=\"widget-image-caption wp-caption-text\">J\u00f3 \u00e9tv\u00e1gyat k\u00edv\u00e1nunk, gyarapodjunk mindah\u00e1nyan!<\/figcaption>\n\t\t\t\t\t\t\t\t\t\t<\/figure>\n\t\t\t\t\t\t\t\t\t<\/div>\n\t\t\t\t<\/div>\n\t\t\t\t\t<\/div>\n\t\t<\/div>\n\t\t\t\t\t<\/div>\n\t\t<\/section>\n\t\t\t\t<\/div>\n\t\t","protected":false},"excerpt":{"rendered":"<p>Mi vagyunk az Ivanicsok! A gasztron\u00f3miai kult\u00fara \u00e9s hagyom\u00e1nyok \u00e1pol\u00e1s\u00e1t t\u0171zt\u00fck ki c\u00e9lul. Szeretn\u00e9nk min\u00e9l t\u00f6bb emberrel, k\u00f6zt\u00fck fiatalokkal, megismertetni a magyar konyha hol egyszer\u0171, hol bonyolult, de mindenk\u00e9ppen nagyon finom \u00e9s v\u00e1ltozatos \u00e9teleit, ezeknek &hellip; <\/p>\n","protected":false},"author":2,"featured_media":226,"parent":0,"menu_order":0,"comment_status":"closed","ping_status":"closed","template":"","meta":{"wprm-recipe-roundup-name":"","wprm-recipe-roundup-description":"","footnotes":""},"class_list":["post-94","page","type-page","status-publish","has-post-thumbnail","hentry","latest_post"],"_links":{"self":[{"href":"https:\/\/nemzetikonyha.hu\/index.php\/wp-json\/wp\/v2\/pages\/94","targetHints":{"allow":["GET"]}}],"collection":[{"href":"https:\/\/nemzetikonyha.hu\/index.php\/wp-json\/wp\/v2\/pages"}],"about":[{"href":"https:\/\/nemzetikonyha.hu\/index.php\/wp-json\/wp\/v2\/types\/page"}],"author":[{"embeddable":true,"href":"https:\/\/nemzetikonyha.hu\/index.php\/wp-json\/wp\/v2\/users\/2"}],"replies":[{"embeddable":true,"href":"https:\/\/nemzetikonyha.hu\/index.php\/wp-json\/wp\/v2\/comments?post=94"}],"version-history":[{"count":58,"href":"https:\/\/nemzetikonyha.hu\/index.php\/wp-json\/wp\/v2\/pages\/94\/revisions"}],"predecessor-version":[{"id":1619,"href":"https:\/\/nemzetikonyha.hu\/index.php\/wp-json\/wp\/v2\/pages\/94\/revisions\/1619"}],"wp:featuredmedia":[{"embeddable":true,"href":"https:\/\/nemzetikonyha.hu\/index.php\/wp-json\/wp\/v2\/media\/226"}],"wp:attachment":[{"href":"https:\/\/nemzetikonyha.hu\/index.php\/wp-json\/wp\/v2\/media?parent=94"}],"curies":[{"name":"wp","href":"https:\/\/api.w.org\/{rel}","templated":true}]}}